{"id":9066,"date":"2023-12-21T17:59:38","date_gmt":"2023-12-21T14:33:54","guid":{"rendered":"https:\/\/garnetgold.com.tr\/?post_type=product&#038;p=9066"},"modified":"2024-08-19T14:16:18","modified_gmt":"2024-08-19T10:46:18","slug":"narin-goz-halkasi","status":"publish","type":"product","link":"https:\/\/garnetgold.com.tr\/tr\/urun\/narin-goz-halkasi\/","title":{"rendered":"Narin g\u00f6z halkas\u0131"},"content":{"rendered":"<p>A\u011f\u0131rl\u0131k: 0,710 gram<\/p>","protected":false},"excerpt":{"rendered":"<p>A\u011f\u0131rl\u0131k: 0,710 gram<\/p>","protected":false},"featured_media":9067,"comment_status":"open","ping_status":"closed","template":"","meta":[],"product_brand":[],"product_cat":[224],"product_tag":[],"class_list":{"0":"post-9066","1":"product","2":"type-product","3":"status-publish","4":"has-post-thumbnail","6":"product_cat-ring","8":"first","9":"outofstock","10":"shipping-taxable","11":"purchasable","12":"product-type-simple","13":"add-to-wishlist-after_add_to_cart"},"aioseo_notices":[],"_links":{"self":[{"href":"https:\/\/garnetgold.com.tr\/tr\/wp-json\/wp\/v2\/product\/9066","targetHints":{"allow":["GET"]}}],"collection":[{"href":"https:\/\/garnetgold.com.tr\/tr\/wp-json\/wp\/v2\/product"}],"about":[{"href":"https:\/\/garnetgold.com.tr\/tr\/wp-json\/wp\/v2\/types\/product"}],"replies":[{"embeddable":true,"href":"https:\/\/garnetgold.com.tr\/tr\/wp-json\/wp\/v2\/comments?post=9066"}],"version-history":[{"count":0,"href":"https:\/\/garnetgold.com.tr\/tr\/wp-json\/wp\/v2\/product\/9066\/revisions"}],"wp:featuredmedia":[{"embeddable":true,"href":"https:\/\/garnetgold.com.tr\/tr\/wp-json\/wp\/v2\/media\/9067"}],"wp:attachment":[{"href":"https:\/\/garnetgold.com.tr\/tr\/wp-json\/wp\/v2\/media?parent=9066"}],"wp:term":[{"taxonomy":"product_brand","embeddable":true,"href":"https:\/\/garnetgold.com.tr\/tr\/wp-json\/wp\/v2\/product_brand?post=9066"},{"taxonomy":"product_cat","embeddable":true,"href":"https:\/\/garnetgold.com.tr\/tr\/wp-json\/wp\/v2\/product_cat?post=9066"},{"taxonomy":"product_tag","embeddable":true,"href":"https:\/\/garnetgold.com.tr\/tr\/wp-json\/wp\/v2\/product_tag?post=9066"}],"curies":[{"name":"wp","href":"https:\/\/api.w.org\/{rel}","templated":true}]}}